{"id":1136,"date":"2020-05-20T18:33:32","date_gmt":"2020-05-20T18:33:32","guid":{"rendered":"http:\/\/magnani.ind.br\/?page_id=1136"},"modified":"2020-05-20T18:33:32","modified_gmt":"2020-05-20T18:33:32","slug":"maternidades-2","status":"publish","type":"page","link":"https:\/\/magnani.ind.br\/?page_id=1136","title":{"rendered":"Maternidades"},"content":{"rendered":"<div class=\"woocommerce columns-5 \"><ul class=\"products columns-5\">\n<li class=\"product type-product post-61 status-publish first instock product_cat-maternidades has-post-thumbnail shipping-taxable product-type-simple\">\n\t<a href=\"https:\/\/magnani.ind.br\/?product=maternidadecriadouro-de-metal\" class=\"woocommerce-LoopProduct-link woocommerce-loop-product__link\"><img width=\"200\" height=\"113\" src=\"https:\/\/magnani.ind.br\/wp-content\/uploads\/2017\/01\/Criadeira-Parideira-200x113.png\" class=\"attachment-woocommerce_thumbnail size-woocommerce_thumbnail\" alt=\"\" loading=\"lazy\" srcset=\"https:\/\/magnani.ind.br\/wp-content\/uploads\/2017\/01\/Criadeira-Parideira-200x113.png 200w, https:\/\/magnani.ind.br\/wp-content\/uploads\/2017\/01\/Criadeira-Parideira-400x225.png 400w, https:\/\/magnani.ind.br\/wp-content\/uploads\/2017\/01\/Criadeira-Parideira-768x432.png 768w, https:\/\/magnani.ind.br\/wp-content\/uploads\/2017\/01\/Criadeira-Parideira-800x450.png 800w, https:\/\/magnani.ind.br\/wp-content\/uploads\/2017\/01\/Criadeira-Parideira-96x54.png 96w, https:\/\/magnani.ind.br\/wp-content\/uploads\/2017\/01\/Criadeira-Parideira-350x197.png 350w, https:\/\/magnani.ind.br\/wp-content\/uploads\/2017\/01\/Criadeira-Parideira.png 1920w\" sizes=\"(max-width: 200px) 100vw, 200px\" \/><h2 class=\"woocommerce-loop-product__title\">Criadeiras\/Parideiras &#8211; PREMIUM<\/h2>\n<\/a><a href=\"https:\/\/magnani.ind.br\/?product=maternidadecriadouro-de-metal\" data-quantity=\"1\" class=\"button product_type_simple\" data-product_id=\"61\" data-product_sku=\"\" aria-label=\"Leia mais sobre &ldquo;Criadeiras\/Parideiras - PREMIUM&rdquo;\" rel=\"nofollow\">Leia mais<\/a><\/li>\n<li class=\"product type-product post-286 status-publish instock product_cat-maternidades has-post-thumbnail shipping-taxable product-type-simple\">\n\t<a href=\"https:\/\/magnani.ind.br\/?product=criadeirasparideiras-bar-2017\" class=\"woocommerce-LoopProduct-link woocommerce-loop-product__link\"><img width=\"200\" height=\"150\" src=\"https:\/\/magnani.ind.br\/wp-content\/uploads\/2017\/01\/mat_ferro-200x150.jpg\" class=\"attachment-woocommerce_thumbnail size-woocommerce_thumbnail\" alt=\"\" loading=\"lazy\" srcset=\"https:\/\/magnani.ind.br\/wp-content\/uploads\/2017\/01\/mat_ferro-200x150.jpg 200w, https:\/\/magnani.ind.br\/wp-content\/uploads\/2017\/01\/mat_ferro-400x300.jpg 400w, https:\/\/magnani.ind.br\/wp-content\/uploads\/2017\/01\/mat_ferro-768x576.jpg 768w, https:\/\/magnani.ind.br\/wp-content\/uploads\/2017\/01\/mat_ferro-800x600.jpg 800w, https:\/\/magnani.ind.br\/wp-content\/uploads\/2017\/01\/mat_ferro-96x72.jpg 96w, https:\/\/magnani.ind.br\/wp-content\/uploads\/2017\/01\/mat_ferro-350x263.jpg 350w, https:\/\/magnani.ind.br\/wp-content\/uploads\/2017\/01\/mat_ferro.jpg 1024w\" sizes=\"(max-width: 200px) 100vw, 200px\" \/><h2 class=\"woocommerce-loop-product__title\">Criadeiras\/Parideiras &#8211; STANDARD<\/h2>\n<\/a><a href=\"https:\/\/magnani.ind.br\/?product=criadeirasparideiras-bar-2017\" data-quantity=\"1\" class=\"button product_type_simple\" data-product_id=\"286\" data-product_sku=\"\" aria-label=\"Leia mais sobre &ldquo;Criadeiras\/Parideiras - STANDARD&rdquo;\" rel=\"nofollow\">Leia mais<\/a><\/li>\n<li class=\"product type-product post-1061 status-publish instock product_cat-frentespremium product_cat-maternidades has-post-thumbnail shipping-taxable product-type-simple\">\n\t<a href=\"https:\/\/magnani.ind.br\/?product=habitat-ms-com-protetor-fixador-linha-premium\" class=\"woocommerce-LoopProduct-link woocommerce-loop-product__link\"><img width=\"200\" height=\"155\" src=\"https:\/\/magnani.ind.br\/wp-content\/uploads\/2019\/10\/Frente-Inferior-Parideira-2020-vista-frontal-sem-CSR-1-200x155.jpg\" class=\"attachment-woocommerce_thumbnail size-woocommerce_thumbnail\" alt=\"\" loading=\"lazy\" srcset=\"https:\/\/magnani.ind.br\/wp-content\/uploads\/2019\/10\/Frente-Inferior-Parideira-2020-vista-frontal-sem-CSR-1-200x155.jpg 200w, https:\/\/magnani.ind.br\/wp-content\/uploads\/2019\/10\/Frente-Inferior-Parideira-2020-vista-frontal-sem-CSR-1-388x300.jpg 388w, https:\/\/magnani.ind.br\/wp-content\/uploads\/2019\/10\/Frente-Inferior-Parideira-2020-vista-frontal-sem-CSR-1-768x593.jpg 768w, https:\/\/magnani.ind.br\/wp-content\/uploads\/2019\/10\/Frente-Inferior-Parideira-2020-vista-frontal-sem-CSR-1-777x600.jpg 777w, https:\/\/magnani.ind.br\/wp-content\/uploads\/2019\/10\/Frente-Inferior-Parideira-2020-vista-frontal-sem-CSR-1-96x74.jpg 96w, https:\/\/magnani.ind.br\/wp-content\/uploads\/2019\/10\/Frente-Inferior-Parideira-2020-vista-frontal-sem-CSR-1-350x270.jpg 350w, https:\/\/magnani.ind.br\/wp-content\/uploads\/2019\/10\/Frente-Inferior-Parideira-2020-vista-frontal-sem-CSR-1.jpg 1280w\" sizes=\"(max-width: 200px) 100vw, 200px\" \/><h2 class=\"woocommerce-loop-product__title\">CONJUNTO FRENTE PARIDEIRAS &#8211; HABITAT MS<\/h2>\n<\/a><a href=\"https:\/\/magnani.ind.br\/?product=habitat-ms-com-protetor-fixador-linha-premium\" data-quantity=\"1\" class=\"button product_type_simple\" data-product_id=\"1061\" data-product_sku=\"\" aria-label=\"Leia mais sobre &ldquo;CONJUNTO FRENTE PARIDEIRAS - HABITAT MS&rdquo;\" rel=\"nofollow\">Leia mais<\/a><\/li>\n<li class=\"product type-product post-1128 status-publish instock product_cat-frentespremium product_cat-maternidades has-post-thumbnail shipping-taxable product-type-simple\">\n\t<a href=\"https:\/\/magnani.ind.br\/?product=conjunto-frente-parideiras-inferior-completo-soldado\" class=\"woocommerce-LoopProduct-link woocommerce-loop-product__link\"><img width=\"200\" height=\"155\" src=\"https:\/\/magnani.ind.br\/wp-content\/uploads\/2020\/05\/Frente-Inferior-Parideira-2020-vista-frontal-CSR-soldado-200x155.jpg\" class=\"attachment-woocommerce_thumbnail size-woocommerce_thumbnail\" alt=\"\" loading=\"lazy\" srcset=\"https:\/\/magnani.ind.br\/wp-content\/uploads\/2020\/05\/Frente-Inferior-Parideira-2020-vista-frontal-CSR-soldado-200x155.jpg 200w, https:\/\/magnani.ind.br\/wp-content\/uploads\/2020\/05\/Frente-Inferior-Parideira-2020-vista-frontal-CSR-soldado-388x300.jpg 388w, https:\/\/magnani.ind.br\/wp-content\/uploads\/2020\/05\/Frente-Inferior-Parideira-2020-vista-frontal-CSR-soldado-768x593.jpg 768w, https:\/\/magnani.ind.br\/wp-content\/uploads\/2020\/05\/Frente-Inferior-Parideira-2020-vista-frontal-CSR-soldado-777x600.jpg 777w, https:\/\/magnani.ind.br\/wp-content\/uploads\/2020\/05\/Frente-Inferior-Parideira-2020-vista-frontal-CSR-soldado-96x74.jpg 96w, https:\/\/magnani.ind.br\/wp-content\/uploads\/2020\/05\/Frente-Inferior-Parideira-2020-vista-frontal-CSR-soldado-350x270.jpg 350w, https:\/\/magnani.ind.br\/wp-content\/uploads\/2020\/05\/Frente-Inferior-Parideira-2020-vista-frontal-CSR-soldado.jpg 1280w\" sizes=\"(max-width: 200px) 100vw, 200px\" \/><h2 class=\"woocommerce-loop-product__title\">CONJUNTO FRENTE PARIDEIRAS &#8211; com CSR Soldado<\/h2>\n<\/a><a href=\"https:\/\/magnani.ind.br\/?product=conjunto-frente-parideiras-inferior-completo-soldado\" data-quantity=\"1\" class=\"button product_type_simple\" data-product_id=\"1128\" data-product_sku=\"\" aria-label=\"Leia mais sobre &ldquo;CONJUNTO FRENTE PARIDEIRAS - com CSR Soldado&rdquo;\" rel=\"nofollow\">Leia mais<\/a><\/li>\n<li class=\"product type-product post-1124 status-publish last instock product_cat-frentespremium product_cat-maternidades has-post-thumbnail shipping-taxable product-type-simple\">\n\t<a href=\"https:\/\/magnani.ind.br\/?product=conjunto-frente-inferior-completo-linha-premium\" class=\"woocommerce-LoopProduct-link woocommerce-loop-product__link\"><img width=\"200\" height=\"155\" src=\"https:\/\/magnani.ind.br\/wp-content\/uploads\/2020\/05\/Frente-Inferior-Parideira-2020-vista-frontal-CSR-parafusado-200x155.jpg\" class=\"attachment-woocommerce_thumbnail size-woocommerce_thumbnail\" alt=\"\" loading=\"lazy\" srcset=\"https:\/\/magnani.ind.br\/wp-content\/uploads\/2020\/05\/Frente-Inferior-Parideira-2020-vista-frontal-CSR-parafusado-200x155.jpg 200w, https:\/\/magnani.ind.br\/wp-content\/uploads\/2020\/05\/Frente-Inferior-Parideira-2020-vista-frontal-CSR-parafusado-388x300.jpg 388w, https:\/\/magnani.ind.br\/wp-content\/uploads\/2020\/05\/Frente-Inferior-Parideira-2020-vista-frontal-CSR-parafusado-768x593.jpg 768w, https:\/\/magnani.ind.br\/wp-content\/uploads\/2020\/05\/Frente-Inferior-Parideira-2020-vista-frontal-CSR-parafusado-777x600.jpg 777w, https:\/\/magnani.ind.br\/wp-content\/uploads\/2020\/05\/Frente-Inferior-Parideira-2020-vista-frontal-CSR-parafusado-96x74.jpg 96w, https:\/\/magnani.ind.br\/wp-content\/uploads\/2020\/05\/Frente-Inferior-Parideira-2020-vista-frontal-CSR-parafusado-350x270.jpg 350w, https:\/\/magnani.ind.br\/wp-content\/uploads\/2020\/05\/Frente-Inferior-Parideira-2020-vista-frontal-CSR-parafusado.jpg 1280w\" sizes=\"(max-width: 200px) 100vw, 200px\" \/><h2 class=\"woocommerce-loop-product__title\">CONJUNTO FRENTE PARIDEIRAS &#8211; com CSR Parafusado<\/h2>\n<\/a><a href=\"https:\/\/magnani.ind.br\/?product=conjunto-frente-inferior-completo-linha-premium\" data-quantity=\"1\" class=\"button product_type_simple\" data-product_id=\"1124\" data-product_sku=\"\" aria-label=\"Leia mais sobre &ldquo;CONJUNTO FRENTE PARIDEIRAS - com CSR Parafusado&rdquo;\" rel=\"nofollow\">Leia mais<\/a><\/li>\n<li class=\"product type-product post-1135 status-publish first instock product_cat-frentespremium product_cat-maternidades has-post-thumbnail shipping-taxable product-type-simple\">\n\t<a href=\"https:\/\/magnani.ind.br\/?product=conjunto-frente-parideiras-com-csr-soldado\" class=\"woocommerce-LoopProduct-link woocommerce-loop-product__link\"><img width=\"200\" height=\"155\" src=\"https:\/\/magnani.ind.br\/wp-content\/uploads\/2019\/10\/Frente-Parideira-2020-vista-frontal-CSR-soldado-200x155.jpg\" class=\"attachment-woocommerce_thumbnail size-woocommerce_thumbnail\" alt=\"\" loading=\"lazy\" srcset=\"https:\/\/magnani.ind.br\/wp-content\/uploads\/2019\/10\/Frente-Parideira-2020-vista-frontal-CSR-soldado-200x155.jpg 200w, https:\/\/magnani.ind.br\/wp-content\/uploads\/2019\/10\/Frente-Parideira-2020-vista-frontal-CSR-soldado-388x300.jpg 388w, https:\/\/magnani.ind.br\/wp-content\/uploads\/2019\/10\/Frente-Parideira-2020-vista-frontal-CSR-soldado-768x593.jpg 768w, https:\/\/magnani.ind.br\/wp-content\/uploads\/2019\/10\/Frente-Parideira-2020-vista-frontal-CSR-soldado-777x600.jpg 777w, https:\/\/magnani.ind.br\/wp-content\/uploads\/2019\/10\/Frente-Parideira-2020-vista-frontal-CSR-soldado-96x74.jpg 96w, https:\/\/magnani.ind.br\/wp-content\/uploads\/2019\/10\/Frente-Parideira-2020-vista-frontal-CSR-soldado-350x270.jpg 350w, https:\/\/magnani.ind.br\/wp-content\/uploads\/2019\/10\/Frente-Parideira-2020-vista-frontal-CSR-soldado.jpg 1280w\" sizes=\"(max-width: 200px) 100vw, 200px\" \/><h2 class=\"woocommerce-loop-product__title\">CONJUNTO FRENTE PARIDEIRAS &#8211; HABITAT MS com CSR Soldado<\/h2>\n<\/a><a href=\"https:\/\/magnani.ind.br\/?product=conjunto-frente-parideiras-com-csr-soldado\" data-quantity=\"1\" class=\"button product_type_simple\" data-product_id=\"1135\" data-product_sku=\"\" aria-label=\"Leia mais sobre &ldquo;CONJUNTO FRENTE PARIDEIRAS - HABITAT MS com CSR Soldado&rdquo;\" rel=\"nofollow\">Leia mais<\/a><\/li>\n<li class=\"product type-product post-1131 status-publish instock product_cat-frentespremium product_cat-maternidades has-post-thumbnail shipping-taxable product-type-simple\">\n\t<a href=\"https:\/\/magnani.ind.br\/?product=conjunto-frente-parideiras-inferior-e-superior-completo-parafusado\" class=\"woocommerce-LoopProduct-link woocommerce-loop-product__link\"><img width=\"200\" height=\"155\" src=\"https:\/\/magnani.ind.br\/wp-content\/uploads\/2020\/05\/Frente-Parideira-2020-vista-frontal-CSR-parafusado-200x155.jpg\" class=\"attachment-woocommerce_thumbnail size-woocommerce_thumbnail\" alt=\"\" loading=\"lazy\" srcset=\"https:\/\/magnani.ind.br\/wp-content\/uploads\/2020\/05\/Frente-Parideira-2020-vista-frontal-CSR-parafusado-200x155.jpg 200w, https:\/\/magnani.ind.br\/wp-content\/uploads\/2020\/05\/Frente-Parideira-2020-vista-frontal-CSR-parafusado-388x300.jpg 388w, https:\/\/magnani.ind.br\/wp-content\/uploads\/2020\/05\/Frente-Parideira-2020-vista-frontal-CSR-parafusado-768x593.jpg 768w, https:\/\/magnani.ind.br\/wp-content\/uploads\/2020\/05\/Frente-Parideira-2020-vista-frontal-CSR-parafusado-777x600.jpg 777w, https:\/\/magnani.ind.br\/wp-content\/uploads\/2020\/05\/Frente-Parideira-2020-vista-frontal-CSR-parafusado-96x74.jpg 96w, https:\/\/magnani.ind.br\/wp-content\/uploads\/2020\/05\/Frente-Parideira-2020-vista-frontal-CSR-parafusado-350x270.jpg 350w, https:\/\/magnani.ind.br\/wp-content\/uploads\/2020\/05\/Frente-Parideira-2020-vista-frontal-CSR-parafusado.jpg 1280w\" sizes=\"(max-width: 200px) 100vw, 200px\" \/><h2 class=\"woocommerce-loop-product__title\">CONJUNTO FRENTE PARIDEIRAS &#8211; com CSR Parafusado<\/h2>\n<\/a><a href=\"https:\/\/magnani.ind.br\/?product=conjunto-frente-parideiras-inferior-e-superior-completo-parafusado\" data-quantity=\"1\" class=\"button product_type_simple\" data-product_id=\"1131\" data-product_sku=\"\" aria-label=\"Leia mais sobre &ldquo;CONJUNTO FRENTE PARIDEIRAS - com CSR Parafusado&rdquo;\" rel=\"nofollow\">Leia mais<\/a><\/li>\n<li class=\"product type-product post-1027 status-publish instock product_cat-frentespremium product_cat-maternidades has-post-thumbnail shipping-taxable product-type-simple\">\n\t<a href=\"https:\/\/magnani.ind.br\/?product=comedouro-csr-parafusado-linha-premium\" class=\"woocommerce-LoopProduct-link woocommerce-loop-product__link\"><img width=\"200\" height=\"200\" src=\"https:\/\/magnani.ind.br\/wp-content\/uploads\/2019\/05\/CSR-430-parafusado.jpg\" class=\"attachment-woocommerce_thumbnail size-woocommerce_thumbnail\" alt=\"\" loading=\"lazy\" \/><h2 class=\"woocommerce-loop-product__title\">Comedouro &#8211; CsR &#8211; Parafusado<\/h2>\n<\/a><a href=\"https:\/\/magnani.ind.br\/?product=comedouro-csr-parafusado-linha-premium\" data-quantity=\"1\" class=\"button product_type_simple\" data-product_id=\"1027\" data-product_sku=\"\" aria-label=\"Leia mais sobre &ldquo;Comedouro - CsR - Parafusado&rdquo;\" rel=\"nofollow\">Leia mais<\/a><\/li>\n<li class=\"product type-product post-423 status-publish instock product_cat-frentespremium product_cat-maternidades has-post-thumbnail shipping-taxable product-type-simple\">\n\t<a href=\"https:\/\/magnani.ind.br\/?product=comedouro-csr\" class=\"woocommerce-LoopProduct-link woocommerce-loop-product__link\"><img width=\"200\" height=\"113\" src=\"https:\/\/magnani.ind.br\/wp-content\/uploads\/2017\/01\/CSR-Comedouro-S\u00f3-Ra\u00e7\u00e3o-Premium-200x113.jpg\" class=\"attachment-woocommerce_thumbnail size-woocommerce_thumbnail\" alt=\"\" loading=\"lazy\" srcset=\"https:\/\/magnani.ind.br\/wp-content\/uploads\/2017\/01\/CSR-Comedouro-S\u00f3-Ra\u00e7\u00e3o-Premium-200x113.jpg 200w, https:\/\/magnani.ind.br\/wp-content\/uploads\/2017\/01\/CSR-Comedouro-S\u00f3-Ra\u00e7\u00e3o-Premium-400x225.jpg 400w, https:\/\/magnani.ind.br\/wp-content\/uploads\/2017\/01\/CSR-Comedouro-S\u00f3-Ra\u00e7\u00e3o-Premium-768x432.jpg 768w, https:\/\/magnani.ind.br\/wp-content\/uploads\/2017\/01\/CSR-Comedouro-S\u00f3-Ra\u00e7\u00e3o-Premium-800x450.jpg 800w, https:\/\/magnani.ind.br\/wp-content\/uploads\/2017\/01\/CSR-Comedouro-S\u00f3-Ra\u00e7\u00e3o-Premium-96x54.jpg 96w, https:\/\/magnani.ind.br\/wp-content\/uploads\/2017\/01\/CSR-Comedouro-S\u00f3-Ra\u00e7\u00e3o-Premium-350x197.jpg 350w, https:\/\/magnani.ind.br\/wp-content\/uploads\/2017\/01\/CSR-Comedouro-S\u00f3-Ra\u00e7\u00e3o-Premium.jpg 1920w\" sizes=\"(max-width: 200px) 100vw, 200px\" \/><h2 class=\"woocommerce-loop-product__title\">Comedouro &#8211; CsR &#8211; Soldado<\/h2>\n<\/a><a href=\"https:\/\/magnani.ind.br\/?product=comedouro-csr\" data-quantity=\"1\" class=\"button product_type_simple\" data-product_id=\"423\" data-product_sku=\"\" aria-label=\"Leia mais sobre &ldquo;Comedouro - CsR - Soldado&rdquo;\" rel=\"nofollow\">Leia mais<\/a><\/li>\n<li class=\"product type-product post-1172 status-publish last instock product_cat-escamoteadores product_cat-maternidades has-post-thumbnail shipping-taxable product-type-simple\">\n\t<a href=\"https:\/\/magnani.ind.br\/?product=escamoteador-resinado-plastificado-modelo-quad-linha-premium\" class=\"woocommerce-LoopProduct-link woocommerce-loop-product__link\"><img width=\"200\" height=\"150\" src=\"https:\/\/magnani.ind.br\/wp-content\/uploads\/2020\/06\/Escamoteador-quad-Premium-200x150.jpg\" class=\"attachment-woocommerce_thumbnail size-woocommerce_thumbnail\" alt=\"\" loading=\"lazy\" srcset=\"https:\/\/magnani.ind.br\/wp-content\/uploads\/2020\/06\/Escamoteador-quad-Premium-200x150.jpg 200w, https:\/\/magnani.ind.br\/wp-content\/uploads\/2020\/06\/Escamoteador-quad-Premium-400x300.jpg 400w, https:\/\/magnani.ind.br\/wp-content\/uploads\/2020\/06\/Escamoteador-quad-Premium-768x576.jpg 768w, https:\/\/magnani.ind.br\/wp-content\/uploads\/2020\/06\/Escamoteador-quad-Premium-800x600.jpg 800w, https:\/\/magnani.ind.br\/wp-content\/uploads\/2020\/06\/Escamoteador-quad-Premium-350x263.jpg 350w, https:\/\/magnani.ind.br\/wp-content\/uploads\/2020\/06\/Escamoteador-quad-Premium.jpg 1920w\" sizes=\"(max-width: 200px) 100vw, 200px\" \/><h2 class=\"woocommerce-loop-product__title\">Escamoteador Laminado Resinado Plastificado &#8211; Modelo QUAD &#8211; Linha PREMIUM<\/h2>\n<\/a><a href=\"https:\/\/magnani.ind.br\/?product=escamoteador-resinado-plastificado-modelo-quad-linha-premium\" data-quantity=\"1\" class=\"button product_type_simple\" data-product_id=\"1172\" data-product_sku=\"\" aria-label=\"Leia mais sobre &ldquo;Escamoteador Laminado Resinado Plastificado - Modelo QUAD - Linha PREMIUM&rdquo;\" rel=\"nofollow\">Leia mais<\/a><\/li>\n<li class=\"product type-product post-1174 status-publish first instock product_cat-escamoteadores product_cat-maternidades has-post-thumbnail shipping-taxable product-type-simple\">\n\t<a href=\"https:\/\/magnani.ind.br\/?product=escamoteador-resinado-plastificado-modelo-quad-linha-standart\" class=\"woocommerce-LoopProduct-link woocommerce-loop-product__link\"><img width=\"200\" height=\"150\" src=\"https:\/\/magnani.ind.br\/wp-content\/uploads\/2020\/06\/Escamoteador-quad-200x150.jpg\" class=\"attachment-woocommerce_thumbnail size-woocommerce_thumbnail\" alt=\"\" loading=\"lazy\" srcset=\"https:\/\/magnani.ind.br\/wp-content\/uploads\/2020\/06\/Escamoteador-quad-200x150.jpg 200w, https:\/\/magnani.ind.br\/wp-content\/uploads\/2020\/06\/Escamoteador-quad-400x300.jpg 400w, https:\/\/magnani.ind.br\/wp-content\/uploads\/2020\/06\/Escamoteador-quad-768x576.jpg 768w, https:\/\/magnani.ind.br\/wp-content\/uploads\/2020\/06\/Escamoteador-quad-800x600.jpg 800w, https:\/\/magnani.ind.br\/wp-content\/uploads\/2020\/06\/Escamoteador-quad-350x263.jpg 350w, https:\/\/magnani.ind.br\/wp-content\/uploads\/2020\/06\/Escamoteador-quad.jpg 1920w\" sizes=\"(max-width: 200px) 100vw, 200px\" \/><h2 class=\"woocommerce-loop-product__title\">Escamoteador Laminado Resinado Plastificado &#8211; Modelo QUAD &#8211; Linha STANDARD<\/h2>\n<\/a><a href=\"https:\/\/magnani.ind.br\/?product=escamoteador-resinado-plastificado-modelo-quad-linha-standart\" data-quantity=\"1\" class=\"button product_type_simple\" data-product_id=\"1174\" data-product_sku=\"\" aria-label=\"Leia mais sobre &ldquo;Escamoteador Laminado Resinado Plastificado - Modelo QUAD - Linha STANDARD&rdquo;\" rel=\"nofollow\">Leia mais<\/a><\/li>\n<li class=\"product type-product post-9 status-publish instock product_cat-escamoteadores product_cat-maternidades has-post-thumbnail shipping-taxable product-type-simple\">\n\t<a href=\"https:\/\/magnani.ind.br\/?product=escamoteador-01\" class=\"woocommerce-LoopProduct-link woocommerce-loop-product__link\"><img width=\"200\" height=\"150\" src=\"https:\/\/magnani.ind.br\/wp-content\/uploads\/2017\/01\/Parafusado-e-com-refor\u00e7o-interno-200x150.jpg\" class=\"attachment-woocommerce_thumbnail size-woocommerce_thumbnail\" alt=\"\" loading=\"lazy\" srcset=\"https:\/\/magnani.ind.br\/wp-content\/uploads\/2017\/01\/Parafusado-e-com-refor\u00e7o-interno-200x150.jpg 200w, https:\/\/magnani.ind.br\/wp-content\/uploads\/2017\/01\/Parafusado-e-com-refor\u00e7o-interno-400x300.jpg 400w, https:\/\/magnani.ind.br\/wp-content\/uploads\/2017\/01\/Parafusado-e-com-refor\u00e7o-interno-768x576.jpg 768w, https:\/\/magnani.ind.br\/wp-content\/uploads\/2017\/01\/Parafusado-e-com-refor\u00e7o-interno-800x600.jpg 800w, https:\/\/magnani.ind.br\/wp-content\/uploads\/2017\/01\/Parafusado-e-com-refor\u00e7o-interno-96x72.jpg 96w, https:\/\/magnani.ind.br\/wp-content\/uploads\/2017\/01\/Parafusado-e-com-refor\u00e7o-interno-350x263.jpg 350w, https:\/\/magnani.ind.br\/wp-content\/uploads\/2017\/01\/Parafusado-e-com-refor\u00e7o-interno.jpg 1024w\" sizes=\"(max-width: 200px) 100vw, 200px\" \/><h2 class=\"woocommerce-loop-product__title\">Escamoteador Laminado Resinado Plastificado &#8211; Modelo MAG PREMIUM<\/h2>\n<\/a><a href=\"https:\/\/magnani.ind.br\/?product=escamoteador-01\" data-quantity=\"1\" class=\"button product_type_simple\" data-product_id=\"9\" data-product_sku=\"\" aria-label=\"Leia mais sobre &ldquo;Escamoteador Laminado Resinado Plastificado - Modelo MAG PREMIUM&rdquo;\" rel=\"nofollow\">Leia mais<\/a><\/li>\n<li class=\"product type-product post-1205 status-publish instock product_cat-maternidades product_cat-outros has-post-thumbnail shipping-taxable product-type-simple\">\n\t<a href=\"https:\/\/magnani.ind.br\/?product=comedouro-leitao-maternidade-lm-28\" class=\"woocommerce-LoopProduct-link woocommerce-loop-product__link\"><img width=\"200\" height=\"150\" src=\"https:\/\/magnani.ind.br\/wp-content\/uploads\/2020\/06\/LM28-200x150.jpg\" class=\"attachment-woocommerce_thumbnail size-woocommerce_thumbnail\" alt=\"\" loading=\"lazy\" srcset=\"https:\/\/magnani.ind.br\/wp-content\/uploads\/2020\/06\/LM28-200x150.jpg 200w, https:\/\/magnani.ind.br\/wp-content\/uploads\/2020\/06\/LM28-400x300.jpg 400w, https:\/\/magnani.ind.br\/wp-content\/uploads\/2020\/06\/LM28-768x576.jpg 768w, https:\/\/magnani.ind.br\/wp-content\/uploads\/2020\/06\/LM28-800x600.jpg 800w, https:\/\/magnani.ind.br\/wp-content\/uploads\/2020\/06\/LM28-350x263.jpg 350w, https:\/\/magnani.ind.br\/wp-content\/uploads\/2020\/06\/LM28.jpg 1920w\" sizes=\"(max-width: 200px) 100vw, 200px\" \/><h2 class=\"woocommerce-loop-product__title\">Comedouro Leit\u00e3o Maternidade &#8211; LM-28<\/h2>\n<\/a><a href=\"https:\/\/magnani.ind.br\/?product=comedouro-leitao-maternidade-lm-28\" data-quantity=\"1\" class=\"button product_type_simple\" data-product_id=\"1205\" data-product_sku=\"\" aria-label=\"Leia mais sobre &ldquo;Comedouro Leit\u00e3o Maternidade - LM-28&rdquo;\" rel=\"nofollow\">Leia mais<\/a><\/li>\n<li class=\"product type-product post-554 status-publish instock product_cat-gestacao product_cat-maternidades product_cat-outros product_cat-terminacao has-post-thumbnail shipping-taxable product-type-simple\">\n\t<a href=\"https:\/\/magnani.ind.br\/?product=rodos-em-inox-com-cabo\" class=\"woocommerce-LoopProduct-link woocommerce-loop-product__link\"><img width=\"200\" height=\"150\" src=\"https:\/\/magnani.ind.br\/wp-content\/uploads\/2017\/03\/rodo-inox2-200x150.jpg\" class=\"attachment-woocommerce_thumbnail size-woocommerce_thumbnail\" alt=\"\" loading=\"lazy\" srcset=\"https:\/\/magnani.ind.br\/wp-content\/uploads\/2017\/03\/rodo-inox2-200x150.jpg 200w, https:\/\/magnani.ind.br\/wp-content\/uploads\/2017\/03\/rodo-inox2-400x300.jpg 400w, https:\/\/magnani.ind.br\/wp-content\/uploads\/2017\/03\/rodo-inox2-768x576.jpg 768w, https:\/\/magnani.ind.br\/wp-content\/uploads\/2017\/03\/rodo-inox2-800x600.jpg 800w, https:\/\/magnani.ind.br\/wp-content\/uploads\/2017\/03\/rodo-inox2-96x72.jpg 96w, https:\/\/magnani.ind.br\/wp-content\/uploads\/2017\/03\/rodo-inox2-350x263.jpg 350w, https:\/\/magnani.ind.br\/wp-content\/uploads\/2017\/03\/rodo-inox2.jpg 1920w\" sizes=\"(max-width: 200px) 100vw, 200px\" \/><h2 class=\"woocommerce-loop-product__title\">Rodos em inox com cabo<\/h2>\n<\/a><a href=\"https:\/\/magnani.ind.br\/?product=rodos-em-inox-com-cabo\" data-quantity=\"1\" class=\"button product_type_simple\" data-product_id=\"554\" data-product_sku=\"\" aria-label=\"Leia mais sobre &ldquo;Rodos em inox com cabo&rdquo;\" rel=\"nofollow\">Leia mais<\/a><\/li>\n<\/ul>\n<\/div>\n","protected":false},"excerpt":{"rendered":"","protected":false},"author":2,"featured_media":0,"parent":0,"menu_order":0,"comment_status":"closed","ping_status":"closed","template":"","meta":[],"_links":{"self":[{"href":"https:\/\/magnani.ind.br\/index.php?rest_route=\/wp\/v2\/pages\/1136"}],"collection":[{"href":"https:\/\/magnani.ind.br\/index.php?rest_route=\/wp\/v2\/pages"}],"about":[{"href":"https:\/\/magnani.ind.br\/index.php?rest_route=\/wp\/v2\/types\/page"}],"author":[{"embeddable":true,"href":"https:\/\/magnani.ind.br\/index.php?rest_route=\/wp\/v2\/users\/2"}],"replies":[{"embeddable":true,"href":"https:\/\/magnani.ind.br\/index.php?rest_route=%2Fwp%2Fv2%2Fcomments&post=1136"}],"version-history":[{"count":1,"href":"https:\/\/magnani.ind.br\/index.php?rest_route=\/wp\/v2\/pages\/1136\/revisions"}],"predecessor-version":[{"id":1138,"href":"https:\/\/magnani.ind.br\/index.php?rest_route=\/wp\/v2\/pages\/1136\/revisions\/1138"}],"wp:attachment":[{"href":"https:\/\/magnani.ind.br\/index.php?rest_route=%2Fwp%2Fv2%2Fmedia&parent=1136"}],"curies":[{"name":"wp","href":"https:\/\/api.w.org\/{rel}","templated":true}]}}