{"id":1124,"date":"2020-05-20T16:58:01","date_gmt":"2020-05-20T16:58:01","guid":{"rendered":"http:\/\/magnani.ind.br\/?product=conjunto-frente-inferior-completo-linha-premium"},"modified":"2020-05-29T20:50:22","modified_gmt":"2020-05-29T20:50:22","slug":"conjunto-frente-inferior-completo-linha-premium","status":"publish","type":"product","link":"https:\/\/magnani.ind.br\/?product=conjunto-frente-inferior-completo-linha-premium","title":{"rendered":"CONJUNTO FRENTE PARIDEIRAS &#8211; com CSR Parafusado"},"content":{"rendered":"<h6><\/h6>\n<p>&nbsp;<\/p>\n<h6>ISSO \u00c9 BEM-ESTAR ANIMAL<\/h6>\n<p><strong>Desenvolvido para fornecer \u00e1gua de forma semelhante ao habitat natural para f\u00eameas e leit\u00f5es no mesmo bebedouro e ra\u00e7\u00e3o para as f\u00eameas.<\/strong><\/p>\n<p>O CONJUNTO FRENTE PARA PARIDEIRAS HABITAT MS com CSR parafusado possui:<\/p>\n<p>Bebedouro HABITAT MS (em inox 304 ou inox 439) &#8211;\u00a0N\u00e3o vendido separadamente.<\/p>\n<p>COMEDOURO CSR (em inox 430) &#8211; PARAFUSADO (veja separadamente em Maternidades\/frentes PREMIUM) &#8211;\u00a0Formato construtivo para uso com trato manual ou autom\u00e1tico.<\/p>\n<p>PROTETOR INFERIOR em ferro com pintura primer na cor verde.<\/p>\n<h4>Adaptam-se a qualquer estrutura de ferro (gaiola) em criadeiras parideiras para su\u00ednos<\/h4>\n<h6><\/h6>\n<p>&nbsp;<\/p>\n<p>O fabricante reserva-se o direito de alterar os produtos e os dados constantes neste site a qualquer momento e sem pr\u00e9vio aviso.<\/p>\n<p>Fotos meramente ilustrativas.<\/p>\n<p>&nbsp;<\/p>\n","protected":false},"excerpt":{"rendered":"<h4>Adaptam-se a qualquer estrutura de ferro (gaiola) em criadeiras parideiras para su\u00ednos<\/h4>\n<h6>VANTAGENS DO COMEDOURO CSR<\/h6>\n<ul>\n<li>O beiral tem DOBRA INVERTIDA \u2013 anti desperd\u00edcio e sem ac\u00famulo de ra\u00e7\u00e3o bolorenta sob a dobra (patenteado);<\/li>\n<li>Bordas laterais altas \u2013 anti desperd\u00edcio;<\/li>\n<li>Barra em \u201cU\u201d ajuda a quase zerar o desperd\u00edcio de ra\u00e7\u00e3o, na qual tamb\u00e9m serve para refor\u00e7o.<\/li>\n<\/ul>\n<p>&nbsp;<\/p>\n<h3>VANTAGENS DO BEBEDOURO HABITAT MS<\/h3>\n<ul>\n<li>Apresentam visualmente a \u00e1gua, n\u00e3o tem pinos ou bolinhas a serem descobertos, n\u00e3o precisam de treinamento, ou seja, seguem as condi\u00e7\u00f5es do habitat natural dos su\u00ednos que s\u00f3 precisar\u00e3o usar seu pr\u00f3prio INSTINTO, proporcionando-lhes BEM-ESTAR;<\/li>\n<li>DESPERD\u00cdCIO pr\u00f3ximo de ZERO;<\/li>\n<li>REDU\u00c7\u00c3O de\u00a0CUSTOS com a destina\u00e7\u00e3o de dejetos em at\u00e9 60%;\u00b9<\/li>\n<li>N\u00c3O precisa LIMPAR;\u00b2<\/li>\n<li>Not\u00e1vel custo\/benef\u00edcio, al\u00e9m de n\u00e3o haver custo com a instala\u00e7\u00e3o de outro bebedouro espec\u00edfico para os leit\u00f5es;<\/li>\n<li>\n<h4>Atende a f\u00eamea e os leit\u00f5es no mesmo Habitat MS;<\/h4>\n<\/li>\n<li>\n<h4>Rec\u00e9m nascidos bebem \u00e1gua limpa no HABITAT, aprendendo com o exemplo da f\u00eamea.<\/h4>\n<\/li>\n<li>\n<ul>\n<li>\u00b9 Quando comparado a chupetas em per\u00edodos com temperaturas elevadas.<\/li>\n<li>\u00b2 Somente na lavagem geral.<\/li>\n<\/ul>\n<\/li>\n<\/ul>\n","protected":false},"featured_media":1125,"template":"","meta":[],"product_cat":[36,9],"product_tag":[],"_links":{"self":[{"href":"https:\/\/magnani.ind.br\/index.php?rest_route=\/wp\/v2\/product\/1124"}],"collection":[{"href":"https:\/\/magnani.ind.br\/index.php?rest_route=\/wp\/v2\/product"}],"about":[{"href":"https:\/\/magnani.ind.br\/index.php?rest_route=\/wp\/v2\/types\/product"}],"wp:featuredmedia":[{"embeddable":true,"href":"https:\/\/magnani.ind.br\/index.php?rest_route=\/wp\/v2\/media\/1125"}],"wp:attachment":[{"href":"https:\/\/magnani.ind.br\/index.php?rest_route=%2Fwp%2Fv2%2Fmedia&parent=1124"}],"wp:term":[{"taxonomy":"product_cat","embeddable":true,"href":"https:\/\/magnani.ind.br\/index.php?rest_route=%2Fwp%2Fv2%2Fproduct_cat&post=1124"},{"taxonomy":"product_tag","embeddable":true,"href":"https:\/\/magnani.ind.br\/index.php?rest_route=%2Fwp%2Fv2%2Fproduct_tag&post=1124"}],"curies":[{"name":"wp","href":"https:\/\/api.w.org\/{rel}","templated":true}]}}