{"id":1172,"date":"2020-06-15T17:35:54","date_gmt":"2020-06-15T17:35:54","guid":{"rendered":"http:\/\/magnani.ind.br\/?product=escamoteador-resinado-plastificado-modelo-quad-linha-premium"},"modified":"2022-11-09T14:42:54","modified_gmt":"2022-11-09T14:42:54","slug":"escamoteador-resinado-plastificado-modelo-quad-linha-premium","status":"publish","type":"product","link":"https:\/\/magnani.ind.br\/?product=escamoteador-resinado-plastificado-modelo-quad-linha-premium","title":{"rendered":"Escamoteador Laminado Resinado Plastificado &#8211; Modelo QUAD &#8211; Linha PREMIUM"},"content":{"rendered":"<p>&nbsp;<\/p>\n<h6>Escamoteador Resinado Plastificado &#8211; Modelo QUAD &#8211; Linha PREMIUM<\/h6>\n<p>&nbsp;<\/p>\n<ul>\n<li>Dur\u00e1vel e resistente;<\/li>\n<li>Parafusado e de f\u00e1cil montagem;<\/li>\n<li>Fundo remov\u00edvel com puxador;<\/li>\n<li>Tampa de inspe\u00e7\u00e3o com puxador e com regulagem de abertura m\u00ednima;<\/li>\n<li>Estrutura interna refor\u00e7ada.<\/li>\n<\/ul>\n<p>&nbsp;<\/p>\n<p>&nbsp;<\/p>\n<p>&nbsp;<\/p>\n<p>VEJA TAMB\u00c9M O NOSSO SISTEMA DE AQUECIMENTO DE LEIT\u00d5ES<\/p>\n<p>&nbsp;<\/p>\n<p>O fabricante reserva-se o direito de alterar os produtos e os dados constantes neste site a qualquer momento e sem pr\u00e9vio aviso.<\/p>\n<p>Fotos meramente ilustrativas.<\/p>\n<p>&nbsp;<\/p>\n<p>&nbsp;<\/p>\n","protected":false},"excerpt":{"rendered":"<h6><strong>VANTAGENS<\/strong><\/h6>\n<ul>\n<li>O laminado, a cor preta e a veda\u00e7\u00e3o, refletem e ret\u00e9m maior calor, reduzindo o consumo de energia ou gastos com sistema de aquecimento;<\/li>\n<li>Proporciona o melhor custo\/benef\u00edcio no aquecimento dos leit\u00f5es;<\/li>\n<li>Fundo m\u00f3vel que facilita a limpeza e melhora higieniza\u00e7\u00e3o;<\/li>\n<li>\u00a0Melhor ambiente para os leit\u00f5es;<\/li>\n<li>\u00a0Material dur\u00e1vel e de f\u00e1cil higieniza\u00e7\u00e3o;<\/li>\n<li>Dispositivo de abertura m\u00ednima para ventila\u00e7\u00e3o na tampa de inspe\u00e7\u00e3o, facilitam o manejo e o controle da temperatura;<\/li>\n<li>Portinha dos leit\u00f5es com guias de n\u00e1ilon e op\u00e7\u00e3o para uso de corrente;<\/li>\n<li>Suporte para guardar portinha dos leit\u00f5es;<\/li>\n<li>Proporciona a melhor condi\u00e7\u00e3o de temperatura e de ambiente para os leit\u00f5es.<\/li>\n<\/ul>\n<p>&nbsp;<\/p>\n","protected":false},"featured_media":1176,"template":"","meta":[],"product_cat":[8,9],"product_tag":[],"_links":{"self":[{"href":"https:\/\/magnani.ind.br\/index.php?rest_route=\/wp\/v2\/product\/1172"}],"collection":[{"href":"https:\/\/magnani.ind.br\/index.php?rest_route=\/wp\/v2\/product"}],"about":[{"href":"https:\/\/magnani.ind.br\/index.php?rest_route=\/wp\/v2\/types\/product"}],"wp:featuredmedia":[{"embeddable":true,"href":"https:\/\/magnani.ind.br\/index.php?rest_route=\/wp\/v2\/media\/1176"}],"wp:attachment":[{"href":"https:\/\/magnani.ind.br\/index.php?rest_route=%2Fwp%2Fv2%2Fmedia&parent=1172"}],"wp:term":[{"taxonomy":"product_cat","embeddable":true,"href":"https:\/\/magnani.ind.br\/index.php?rest_route=%2Fwp%2Fv2%2Fproduct_cat&post=1172"},{"taxonomy":"product_tag","embeddable":true,"href":"https:\/\/magnani.ind.br\/index.php?rest_route=%2Fwp%2Fv2%2Fproduct_tag&post=1172"}],"curies":[{"name":"wp","href":"https:\/\/api.w.org\/{rel}","templated":true}]}}