{"id":1205,"date":"2020-06-25T20:51:44","date_gmt":"2020-06-25T20:51:44","guid":{"rendered":"http:\/\/magnani.ind.br\/?product=comedouro-leitao-maternidade-lm-28"},"modified":"2020-06-26T12:45:07","modified_gmt":"2020-06-26T12:45:07","slug":"comedouro-leitao-maternidade-lm-28","status":"publish","type":"product","link":"https:\/\/magnani.ind.br\/?product=comedouro-leitao-maternidade-lm-28","title":{"rendered":"Comedouro Leit\u00e3o Maternidade &#8211; LM-28"},"content":{"rendered":"<p>&nbsp;<\/p>\n<h4>Fixa\u00e7\u00e3o r\u00e1pida e f\u00e1cil por guias, tamb\u00e9m pode ser guardado virado na mesma guia mantendo organizado e limpo<\/h4>\n<h4>Pr\u00e1tico, f\u00e1cil de lavar e resistente a impactos<\/h4>\n<h4>Para fornecer ra\u00e7\u00e3o seca ou \u00famida para leit\u00f5es at\u00e9 28 dias nas maternidades<\/h4>\n<p>&nbsp;<\/p>\n<p>O fabricante reserva-se o direito de alterar os produtos e os dados constantes neste site a qualquer momento e sem pr\u00e9vio aviso.<\/p>\n<p>Fotos meramente ilustrativas.<\/p>\n<p>&nbsp;<\/p>\n","protected":false},"excerpt":{"rendered":"<h6>VANTAGENS<\/h6>\n<ul>\n<li>Melhora a adapta\u00e7\u00e3o dos leit\u00f5es a ra\u00e7\u00e3o;<\/li>\n<li>Mant\u00e9m a qualidade da ra\u00e7\u00e3o oferecida;<\/li>\n<li>Pr\u00e1tico para retirar, fixar e higienizar;<\/li>\n<li>Possui prote\u00e7\u00f5es contra desperd\u00edcios.<\/li>\n<\/ul>\n<h4><\/h4>\n","protected":false},"featured_media":1206,"template":"","meta":[],"product_cat":[9,11],"product_tag":[],"_links":{"self":[{"href":"https:\/\/magnani.ind.br\/index.php?rest_route=\/wp\/v2\/product\/1205"}],"collection":[{"href":"https:\/\/magnani.ind.br\/index.php?rest_route=\/wp\/v2\/product"}],"about":[{"href":"https:\/\/magnani.ind.br\/index.php?rest_route=\/wp\/v2\/types\/product"}],"wp:featuredmedia":[{"embeddable":true,"href":"https:\/\/magnani.ind.br\/index.php?rest_route=\/wp\/v2\/media\/1206"}],"wp:attachment":[{"href":"https:\/\/magnani.ind.br\/index.php?rest_route=%2Fwp%2Fv2%2Fmedia&parent=1205"}],"wp:term":[{"taxonomy":"product_cat","embeddable":true,"href":"https:\/\/magnani.ind.br\/index.php?rest_route=%2Fwp%2Fv2%2Fproduct_cat&post=1205"},{"taxonomy":"product_tag","embeddable":true,"href":"https:\/\/magnani.ind.br\/index.php?rest_route=%2Fwp%2Fv2%2Fproduct_tag&post=1205"}],"curies":[{"name":"wp","href":"https:\/\/api.w.org\/{rel}","templated":true}]}}