{"id":1626,"date":"2023-09-11T19:15:16","date_gmt":"2023-09-11T19:15:16","guid":{"rendered":"https:\/\/magnani.ind.br\/?post_type=product&#038;p=1626"},"modified":"2023-09-11T19:43:00","modified_gmt":"2023-09-11T19:43:00","slug":"habitat-cdd-barra-inox-duplo-aguarde","status":"publish","type":"product","link":"https:\/\/magnani.ind.br\/?product=habitat-cdd-barra-inox-duplo-aguarde","title":{"rendered":"Habitat CDD BARRA inox &#8211; DUPLO aguarde"},"content":{"rendered":"<h6><\/h6>\n<h6><strong>Bebedouro habitat CDD BARRA inox &#8211; DUPLO &#8211; aguarde<\/strong><\/h6>\n<h6><\/h6>\n<h6><strong>VANTAGENS<\/strong><\/h6>\n<ul>\n<li style=\"list-style-type: none;\">\n<ul>\n<li>Apresentam visualmente a \u00e1gua, seguindo condi\u00e7\u00f5es do habitat natural;<\/li>\n<li><strong><span style=\"color: #ff0000;\">DESPERD\u00cdCIO<\/span><\/strong> pr\u00f3ximo de <strong><span style=\"color: #ff0000;\">0%<\/span><\/strong>;<\/li>\n<li>Melhora a efici\u00eancia das medica\u00e7\u00f5es;<\/li>\n<li>Reduz o gasto com medica\u00e7\u00f5es em at\u00e9 60%;<\/li>\n<li>At\u00e9 60% menos dejetos e custos com sua destina\u00e7\u00e3o;<\/li>\n<li>N\u00e3o dependem diretamente da vaz\u00e3o do sistema geral;<\/li>\n<li>N\u00e3o necessitam de limpezas constantes; **<\/li>\n<li>Volume de \u00e1gua n\u00e3o \u00e9 determinado pelos leit\u00f5es, n\u00e3o possui chupetas;<\/li>\n<li>F\u00e1ceis de instalar, dur\u00e1veis e com not\u00e1vel custo benef\u00edcio.<\/li>\n<\/ul>\n<\/li>\n<\/ul>\n<h4>Somente para instala\u00e7\u00e3o no centro (meio) das baias<\/h4>\n<p>&nbsp;<\/p>\n<h4>PRODUTO PATENTEADO<\/h4>\n<p>&nbsp;<\/p>\n<p>**Considerar estas recomenda\u00e7\u00f5es quando o posicionamento de instala\u00e7\u00e3o e volume de \u00e1gua estiverem conforme indica\u00e7\u00e3o t\u00e9cnica da Magnani.<\/p>\n<p>Contate-nos antes de iniciar seu projeto.<\/p>\n<p>&nbsp;<\/p>\n<p>O fabricante reserva-se o direito de alterar os produtos e os dados constantes neste site a qualquer momento e sem pr\u00e9vio aviso.<\/p>\n<p>&nbsp;<\/p>\n","protected":false},"excerpt":{"rendered":"[embed]https:\/\/youtu.be\/G7OyOCdSo-g[\/embed]\n<h4>Aguarde<\/h4>\n<h4><strong>Estes bebedouros fornecem \u00e1gua limpa e apresentam a \u00e1gua visualmente de forma semelhante ao habitat natural para os leit\u00f5es em creches<\/strong><\/h4>\n<ul>\n<li>\n<h4><strong><span style=\"color: #ff0000;\">DESPERD\u00cdCIO<\/span> pr\u00f3ximo de <span style=\"color: #ff0000;\">0%<\/span><\/strong><\/h4>\n<\/li>\n<li>\n<h4><strong><span style=\"font-size: 22px;\">Bem-estar animal \u00e9 com o HABITAT!<\/span><\/strong><\/h4>\n<\/li>\n<li>\n<h4><strong><span style=\"font-size: 22px;\">At\u00e9 60% MENOS DEJETOS* ( a natureza agradece )<\/span><\/strong><\/h4>\n<\/li>\n<li>\n<h4><strong>At\u00e9 60% de economia ($) na destina\u00e7\u00e3o de dejetos e em medica\u00e7\u00f5es* ( resultado que paga conta )<\/strong><\/h4>\n<\/li>\n<li>\n<h4><strong>At\u00e9 60% menos tempo gasto com destina\u00e7\u00e3o dos dejetos ( mais tempo livre para voc\u00ea )*<\/strong><\/h4>\n<\/li>\n<\/ul>\n<h4>Este modelo \u00e9 somente para instala\u00e7\u00e3o no centro (meio) das baias ( posi\u00e7\u00e3o onde os bebedouros HABITAT obt\u00e9m melhores resultados e funcionamento, conforme testes realizados )<\/h4>\n<h4><\/h4>\n<h4><\/h4>\n<p>&nbsp;<\/p>\n<h4>PRODUTO PATENTEADO<\/h4>\n<p>&nbsp;<\/p>\n<p>*testes realizados em granjas do Oeste Catarinense<\/p>\n","protected":false},"featured_media":406,"template":"","meta":[],"product_cat":[18,12],"product_tag":[],"_links":{"self":[{"href":"https:\/\/magnani.ind.br\/index.php?rest_route=\/wp\/v2\/product\/1626"}],"collection":[{"href":"https:\/\/magnani.ind.br\/index.php?rest_route=\/wp\/v2\/product"}],"about":[{"href":"https:\/\/magnani.ind.br\/index.php?rest_route=\/wp\/v2\/types\/product"}],"wp:featuredmedia":[{"embeddable":true,"href":"https:\/\/magnani.ind.br\/index.php?rest_route=\/wp\/v2\/media\/406"}],"wp:attachment":[{"href":"https:\/\/magnani.ind.br\/index.php?rest_route=%2Fwp%2Fv2%2Fmedia&parent=1626"}],"wp:term":[{"taxonomy":"product_cat","embeddable":true,"href":"https:\/\/magnani.ind.br\/index.php?rest_route=%2Fwp%2Fv2%2Fproduct_cat&post=1626"},{"taxonomy":"product_tag","embeddable":true,"href":"https:\/\/magnani.ind.br\/index.php?rest_route=%2Fwp%2Fv2%2Fproduct_tag&post=1626"}],"curies":[{"name":"wp","href":"https:\/\/api.w.org\/{rel}","templated":true}]}}