{"id":278,"date":"2017-01-17T00:31:26","date_gmt":"2017-01-17T00:31:26","guid":{"rendered":"http:\/\/52.67.221.14\/magnani\/index.php\/produto\/comedouro-creche-pap-2017-100-c-po-2\/"},"modified":"2023-09-11T20:05:47","modified_gmt":"2023-09-11T20:05:47","slug":"comedouro-creche-pap-2017-100-c-po-2","status":"publish","type":"product","link":"https:\/\/magnani.ind.br\/?product=comedouro-creche-pap-2017-100-c-po-2","title":{"rendered":"PAP &#8211; 100 C PO &#8211; Alimentador Creche \u00daMIDA"},"content":{"rendered":"<p>&nbsp;<\/p>\n<h4>PAP\u00a0 &#8211; \u00a0100 C PO &#8211; ALIMENTADOR CRECHE \u00daMIDA<\/h4>\n<p>&nbsp;<\/p>\n<p><strong><span style=\"color: #ff0000;\">Permite o arra\u00e7oamento com ra\u00e7\u00e3o umedecida desde o 1\u00ba dia de alojamento, o que acelera a adapta\u00e7\u00e3o a ra\u00e7\u00e3o, melhorando o G.P.D e a C.A, consequentemente reduzindo o n\u00famero de dias de alojamento necess\u00e1rios na fase de creche;<\/span><\/strong><\/p>\n<h6>ISSO \u00c9 BEM-ESTAR ANIMAL<\/h6>\n<p>N\u00e3o temos como ensinar os leit\u00f5es, certo? Por isso nossos alimentadores foram desenvolvidos para que os LEIT\u00d5ES UTILIZEM SEU PR\u00d3PRIO INSTINTO NATURAL. Isso devido a proximidade e a disposi\u00e7\u00e3o entre as fun\u00e7\u00f5es descritas a seguir (aproximadamente 8 a 9cm): Tocam nas chapas em balan\u00e7o (que s\u00e3o a REGULAGEM BEM-ESTAR (Patenteadas)), para tracionar a ra\u00e7\u00e3o do dep\u00f3sito. Tocam nas chupetas papinha para umedecer, com seu formato e posi\u00e7\u00f5es estrat\u00e9gicas (Patenteado) e ingerem com facilidade um maior e mais r\u00e1pido volume de ra\u00e7\u00e3o, seca ou umedecida, visando usar os instintos naturais dos leit\u00f5es. Agiliza o aprendizado dos leit\u00f5es, produz realmente os benef\u00edcios do sistema de alimenta\u00e7\u00e3o, com melhores resultados em G.P.D. e deste modo, <span style=\"color: #ff0000;\"><strong>possibilita uma maior autonomia de leit\u00f5es. <span style=\"color: #000000;\">(veja nas imagens acima a disposi\u00e7\u00e3o destas fun\u00e7\u00f5es);<\/span><\/strong><\/span><\/p>\n<p>Inovadora\u00a0<strong>REGULAGEM BEM-ESTAR &#8211; INDIVIDUALIZADA POR BOCA (patenteada):<\/strong><\/p>\n<p>Apresentadas em forma de <strong><span style=\"color: #ff0000;\">chapas em balan\u00e7o, individualizado por boca de alimenta\u00e7\u00e3o<\/span><\/strong>, tem movimento livre conforme o toque dos su\u00ednos, tanto na vertical como na horizontal, permitindo a descida da ra\u00e7\u00e3o somente na boca de alimenta\u00e7\u00e3o tocada, conforme o toque dos leit\u00f5es na busca pelo alimento. Por utilizar seu instinto nato (remexer o focinho para frente e para cima), facilitam o aprendizado, liberando maior volume de ra\u00e7\u00e3o, gerando rapidez na satisfa\u00e7\u00e3o alimentar, permitindo maior n\u00famero de leit\u00f5es por boca de alimenta\u00e7\u00e3o e maior G.P.D. <u>Tamb\u00e9m em raz\u00e3o <\/u><u>destes movimentos, afrouxam a ra\u00e7\u00e3o que est\u00e1 no gargalo, fazendo-a descer, mesmo com inclus\u00e3o de grandes quantidades de lactose;<\/u><\/p>\n<p><span style=\"color: #ff0000;\"><strong>REGULAGEM<\/strong>\u00a0<\/span><strong><span style=\"color: #ff0000;\">DE CONTROLE POR LADO<\/span> (patenteada);<\/strong><\/p>\n<p><strong>CONTROLE TOTAL<\/strong>\u00a0para ra\u00e7\u00f5es:\u00a0<strong>PELLETS e FARELO, seca ou umedecida;<\/strong><\/p>\n<p>Este novo sistema personalizado e duplo (independente por lado do comedouro) permite o ajuste a cada 3mm na altura da REGULAGEM BEM-ESTAR (Patenteada). Projetada para tornar poss\u00edvel a condi\u00e7\u00e3o de uso de diversas formula\u00e7\u00f5es de ra\u00e7\u00f5es fornecidas pelo mercado. Proporciona uma utiliza\u00e7\u00e3o variada dos tipos de ra\u00e7\u00e3o como pellets, pellets com farelo, farelo ou farelo com suas composi\u00e7\u00f5es, seca ou umedecida. Oferece maior controle e volume de ra\u00e7\u00e3o consumida para excelentes, G.P.D. e C.A.;<\/p>\n<p>Este alimentador foi desenvolvido para atender su\u00ednos na FASE de CRECHE (chamados de leit\u00f5es), entre o p\u00f3s desmame, quando estar\u00e3o com 4 Kg\/cabe\u00e7a ou mais, at\u00e9 atingirem a m\u00e9dia do lote de at\u00e9 24 Kg\/cabe\u00e7a. Acima deste peso, dever\u00e3o ser destinados a fase de crescimento\/termina\u00e7\u00e3o com o uso de alimentadores adequados ( veja o nosso modelo STARK para crescimento\/termina\u00e7\u00e3o ), para pesos superiores aos 24 Kg\/cabe\u00e7a.<\/p>\n<p>&nbsp;<\/p>\n<p>O fabricante reserva-se o direito de alterar os produtos e os dados constantes neste site a qualquer momento e sem pr\u00e9vio aviso.<\/p>\n<p>Fotos meramente ilustrativas.<\/p>\n<p>&nbsp;<\/p>\n","protected":false},"excerpt":{"rendered":"<h3><\/h3>\n<h3><strong>CARACTER\u00cdSTICAS<\/strong><\/h3>\n<ul>\n<li><b>I<\/b>novadora<strong> REGULAGEM BEM-ESTAR &#8211; <span style=\"color: #ff0000;\">chapas em balan\u00e7o, tem movimento <\/span><span style=\"color: #ff0000;\">individualizado por boca de alimenta\u00e7\u00e3o<\/span>\u00a0(Patenteada);<\/strong><\/li>\n<li><strong>REGULAGEM DE CONTROLE INDEPENDENTE POR LADO<\/strong>\u00a0(Patenteada);<\/li>\n<li><strong>CONTROLE TOTAL<\/strong>\u00a0para utilizar ra\u00e7\u00f5es:\u00a0<strong>PELLETS, FARELO ou MISTA<\/strong>;<\/li>\n<li><span style=\"color: #ff0000;\"><strong>Desde o 1\u00ba dia com ra\u00e7\u00e3o umedecida<\/strong><\/span>;<\/li>\n<li>Maior facilidade da descida de ra\u00e7\u00e3o;<\/li>\n<li>Reduz ou dispensa o uso de papinhas;<\/li>\n<li>Melhor C. A. e melhor G.P.D.;<\/li>\n<li>Abas laterais que reduzem as disputas e melhoram a C. A.;<\/li>\n<li>Beiral invertido anti desperd\u00edcio.<\/li>\n<\/ul>\n<p><strong>PRODUTO PATENTEADO<\/strong><\/p>\n","protected":false},"featured_media":472,"template":"","meta":[],"product_cat":[17,12],"product_tag":[],"_links":{"self":[{"href":"https:\/\/magnani.ind.br\/index.php?rest_route=\/wp\/v2\/product\/278"}],"collection":[{"href":"https:\/\/magnani.ind.br\/index.php?rest_route=\/wp\/v2\/product"}],"about":[{"href":"https:\/\/magnani.ind.br\/index.php?rest_route=\/wp\/v2\/types\/product"}],"wp:featuredmedia":[{"embeddable":true,"href":"https:\/\/magnani.ind.br\/index.php?rest_route=\/wp\/v2\/media\/472"}],"wp:attachment":[{"href":"https:\/\/magnani.ind.br\/index.php?rest_route=%2Fwp%2Fv2%2Fmedia&parent=278"}],"wp:term":[{"taxonomy":"product_cat","embeddable":true,"href":"https:\/\/magnani.ind.br\/index.php?rest_route=%2Fwp%2Fv2%2Fproduct_cat&post=278"},{"taxonomy":"product_tag","embeddable":true,"href":"https:\/\/magnani.ind.br\/index.php?rest_route=%2Fwp%2Fv2%2Fproduct_tag&post=278"}],"curies":[{"name":"wp","href":"https:\/\/api.w.org\/{rel}","templated":true}]}}