{"id":421,"date":"2017-01-28T20:07:42","date_gmt":"2017-01-28T20:07:42","guid":{"rendered":"http:\/\/52.67.221.14\/magnani\/?post_type=product&#038;p=421"},"modified":"2020-05-20T18:25:06","modified_gmt":"2020-05-20T18:25:06","slug":"comedouro-bebedouro-conjugado-cbc","status":"publish","type":"product","link":"https:\/\/magnani.ind.br\/?product=comedouro-bebedouro-conjugado-cbc","title":{"rendered":"Comedouro Bebedouro Conjugado &#8211; CBC"},"content":{"rendered":"<h4>Comedouro Bebedouro Conjugado &#8211; CBC &#8211; Linha PREMIUM<\/h4>\n<p>Desenvolvido para uso em trato manual ou autom\u00e1tico;<\/p>\n<p>O objetivo \u00e9 manter a ra\u00e7\u00e3o com qualidade e n\u00e3o permitir desperd\u00edcios;<\/p>\n<p>Grande durabilidade e resist\u00eancia;<\/p>\n<p>Sistema de regulagem do n\u00edvel de \u00e1gua na ta\u00e7a realizado pelo cachimbo lateral, que tamb\u00e9m serve para facilitar a higieniza\u00e7\u00e3o;<\/p>\n<p>Tamb\u00e9m cont\u00e9m um cachimbo na lateral da ra\u00e7\u00e3o para facilitar a higieniza\u00e7\u00e3o.<\/p>\n<p>&nbsp;<\/p>\n<p>O fabricante reserva-se o direito de alterar os produtos e os dados constantes neste site a qualquer momento e sem pr\u00e9vio aviso.<\/p>\n<p>Fotos meramente ilustrativas.<\/p>\n","protected":false},"excerpt":{"rendered":"<h6>CARACTER\u00cdSTICAS<\/h6>\n<ul>\n<li>Beiral invertido &#8211; anti desperd\u00edcio (patenteado);<\/li>\n<li>Bordas altas &#8211; anti desperd\u00edcio;<\/li>\n<li>Barra redonda inox em &#8220;V&#8221; para refor\u00e7o e tamb\u00e9m para redu\u00e7\u00e3o do desperd\u00edcio de ra\u00e7\u00e3o;<\/li>\n<li>Formato construtivo para uso com trato manual ou autom\u00e1tico.<\/li>\n<\/ul>\n","protected":false},"featured_media":835,"template":"","meta":[],"product_cat":[36],"product_tag":[],"_links":{"self":[{"href":"https:\/\/magnani.ind.br\/index.php?rest_route=\/wp\/v2\/product\/421"}],"collection":[{"href":"https:\/\/magnani.ind.br\/index.php?rest_route=\/wp\/v2\/product"}],"about":[{"href":"https:\/\/magnani.ind.br\/index.php?rest_route=\/wp\/v2\/types\/product"}],"wp:featuredmedia":[{"embeddable":true,"href":"https:\/\/magnani.ind.br\/index.php?rest_route=\/wp\/v2\/media\/835"}],"wp:attachment":[{"href":"https:\/\/magnani.ind.br\/index.php?rest_route=%2Fwp%2Fv2%2Fmedia&parent=421"}],"wp:term":[{"taxonomy":"product_cat","embeddable":true,"href":"https:\/\/magnani.ind.br\/index.php?rest_route=%2Fwp%2Fv2%2Fproduct_cat&post=421"},{"taxonomy":"product_tag","embeddable":true,"href":"https:\/\/magnani.ind.br\/index.php?rest_route=%2Fwp%2Fv2%2Fproduct_tag&post=421"}],"curies":[{"name":"wp","href":"https:\/\/api.w.org\/{rel}","templated":true}]}}