{"id":647,"date":"2017-05-06T18:31:22","date_gmt":"2017-05-06T18:31:22","guid":{"rendered":"http:\/\/magnani.ind.br\/?product=caneco-plastico"},"modified":"2020-02-11T13:59:52","modified_gmt":"2020-02-11T13:59:52","slug":"caneco-plastico","status":"publish","type":"product","link":"https:\/\/magnani.ind.br\/?product=caneco-plastico","title":{"rendered":"Caneco Pl\u00e1stico"},"content":{"rendered":"","protected":false},"excerpt":{"rendered":"<p>Caneco pl\u00e1stico para ra\u00e7\u00e3o<\/p>\n<p>&nbsp;<\/p>\n<p>Cabo anat\u00f4mico<\/p>\n<p>&nbsp;<\/p>\n","protected":false},"featured_media":648,"template":"","meta":[],"product_cat":[12,13,11,10],"product_tag":[],"_links":{"self":[{"href":"https:\/\/magnani.ind.br\/index.php?rest_route=\/wp\/v2\/product\/647"}],"collection":[{"href":"https:\/\/magnani.ind.br\/index.php?rest_route=\/wp\/v2\/product"}],"about":[{"href":"https:\/\/magnani.ind.br\/index.php?rest_route=\/wp\/v2\/types\/product"}],"wp:featuredmedia":[{"embeddable":true,"href":"https:\/\/magnani.ind.br\/index.php?rest_route=\/wp\/v2\/media\/648"}],"wp:attachment":[{"href":"https:\/\/magnani.ind.br\/index.php?rest_route=%2Fwp%2Fv2%2Fmedia&parent=647"}],"wp:term":[{"taxonomy":"product_cat","embeddable":true,"href":"https:\/\/magnani.ind.br\/index.php?rest_route=%2Fwp%2Fv2%2Fproduct_cat&post=647"},{"taxonomy":"product_tag","embeddable":true,"href":"https:\/\/magnani.ind.br\/index.php?rest_route=%2Fwp%2Fv2%2Fproduct_tag&post=647"}],"curies":[{"name":"wp","href":"https:\/\/api.w.org\/{rel}","templated":true}]}}