{"id":772,"date":"2017-07-28T18:15:22","date_gmt":"2017-07-28T18:15:22","guid":{"rendered":"http:\/\/magnani.ind.br\/?product=novo-comedouro-stark-3-linha-premium-crescimentoterminacao"},"modified":"2024-01-30T14:11:21","modified_gmt":"2024-01-30T14:11:21","slug":"novo-comedouro-stark-3-linha-premium-crescimentoterminacao","status":"publish","type":"product","link":"https:\/\/magnani.ind.br\/?product=novo-comedouro-stark-3-linha-premium-crescimentoterminacao","title":{"rendered":"Alimentador &#8211; STARK 3  Crescim.\/Termina\u00e7\u00e3o   Inox 304 Soldado"},"content":{"rendered":"<p>&nbsp;<\/p>\n<h4><strong>STARK 3 &#8211; Linha PREMIUM &#8211; inox 304 totalmente<\/strong><\/h4>\n<h4><strong>soldado &#8211; para crescimento\/Termina\u00e7\u00e3o<\/strong><\/h4>\n<p>&nbsp;<\/p>\n<p>Desenvolvido para su\u00ednos em fase de crescimento\/termina\u00e7\u00e3o.<\/p>\n<p>Desenvolvido para fornecer ra\u00e7\u00e3o umedecida ou seca.<\/p>\n<h4><strong>REGULAGEM<\/strong>\u00a0<strong>DE CONTROLE POR LADO\u00a0(patenteada)<\/strong><\/h4>\n<p><strong>CONTROLE TOTAL<\/strong>\u00a0para ra\u00e7\u00f5es:\u00a0<strong>PELLETS e FARELO, seca ou umedecida;<\/strong><\/p>\n<p>Este sistema personalizado e duplo (independente por lado do alimentador) permite o ajuste a cada 3mm na altura da REGULAGEM BEM-ESTAR (Patenteada). Projetada para tornar poss\u00edvel a condi\u00e7\u00e3o de uso de diversas formula\u00e7\u00f5es de ra\u00e7\u00f5es fornecidas pelo mercado. Proporciona uma utiliza\u00e7\u00e3o variada dos tipos de ra\u00e7\u00e3o como pellets, pellets com farelo, farelo ou farelo com suas composi\u00e7\u00f5es, seca ou umedecida. Oferece maior controle e volume de ra\u00e7\u00e3o consumida para excelentes, G.P.D. e C.A.<\/p>\n<p>Em nossas an\u00e1lises, n\u00e3o temos como ensinar os su\u00ednos. Por isso nossos alimentadores foram desenvolvidos com uma proximidade entre as fun\u00e7\u00f5es descritas a seguir: Tracionar a ra\u00e7\u00e3o do dep\u00f3sito, tocar nas v\u00e1lvulas para umedecer, com seu formato e posi\u00e7\u00f5es estrat\u00e9gicas (Patenteado) e ingerir com facilidade um maior e mais r\u00e1pido volume de ra\u00e7\u00e3o, seca ou umedecida, visando usar os instintos naturais dos su\u00ednos. No qual agiliza o aprendizado dos su\u00ednos, produzindo realmente os benef\u00edcios do sistema de alimenta\u00e7\u00e3o, com melhores resultados em G.P.D. e deste modo,\u00a0<strong>possibilita uma maior autonomia de su\u00ednos.<\/strong><\/p>\n<p>&nbsp;<\/p>\n<p>O fabricante reserva-se o direito de alterar os produtos e os dados constantes neste site a qualquer momento e sem pr\u00e9vio aviso.<\/p>\n<p>Imagens meramente ilustrativas.<\/p>\n<p>&nbsp;<\/p>\n","protected":false},"excerpt":{"rendered":"<h6><strong>CARACTER\u00cdSTICAS<\/strong><\/h6>\n<ul>\n<li><strong>REGULAGEM<\/strong>\u00a0<strong>DE CONTROLE INDEPENDENTE POR LADO;<\/strong><\/li>\n<li><strong>CONTROLE TOTAL<\/strong> para ra\u00e7\u00f5es: <strong>PELLETS e FARELO, seca ou umedecida;<\/strong><\/li>\n<li>Mehor C. A. e melhor G.P.D.;<\/li>\n<li>Beiral anti desperd\u00edcio INVERTIDO ( patenteado );<\/li>\n<li>Inox 304 totalmente soldado.<\/li>\n<\/ul>\n<p>&nbsp;<\/p>\n<p>PRODUTO PATENTEADO<\/p>\n","protected":false},"featured_media":807,"template":"","meta":[],"product_cat":[25,10],"product_tag":[],"_links":{"self":[{"href":"https:\/\/magnani.ind.br\/index.php?rest_route=\/wp\/v2\/product\/772"}],"collection":[{"href":"https:\/\/magnani.ind.br\/index.php?rest_route=\/wp\/v2\/product"}],"about":[{"href":"https:\/\/magnani.ind.br\/index.php?rest_route=\/wp\/v2\/types\/product"}],"wp:featuredmedia":[{"embeddable":true,"href":"https:\/\/magnani.ind.br\/index.php?rest_route=\/wp\/v2\/media\/807"}],"wp:attachment":[{"href":"https:\/\/magnani.ind.br\/index.php?rest_route=%2Fwp%2Fv2%2Fmedia&parent=772"}],"wp:term":[{"taxonomy":"product_cat","embeddable":true,"href":"https:\/\/magnani.ind.br\/index.php?rest_route=%2Fwp%2Fv2%2Fproduct_cat&post=772"},{"taxonomy":"product_tag","embeddable":true,"href":"https:\/\/magnani.ind.br\/index.php?rest_route=%2Fwp%2Fv2%2Fproduct_tag&post=772"}],"curies":[{"name":"wp","href":"https:\/\/api.w.org\/{rel}","templated":true}]}}