{"id":794,"date":"2017-08-09T00:45:52","date_gmt":"2017-08-09T00:45:52","guid":{"rendered":"http:\/\/magnani.ind.br\/?product=cam-3-premium-comedouro-creche"},"modified":"2023-09-11T20:00:51","modified_gmt":"2023-09-11T20:00:51","slug":"cam-3-premium-comedouro-creche","status":"publish","type":"product","link":"https:\/\/magnani.ind.br\/?product=cam-3-premium-comedouro-creche","title":{"rendered":"CAM 3 &#8211; Alimentador Creche \u00daMIDA"},"content":{"rendered":"<h3><\/h3>\n<h3><\/h3>\n<h3>CAM 3 &#8211; Alimentador Creche \u00daMIDA<\/h3>\n<p>Desenvolvido para fornecer ra\u00e7\u00e3o UMEDECIDA para leit\u00f5es de 4 Kg a 33 Kg.<\/p>\n<p>Com 19 cm de largura por boca (espa\u00e7o de alimenta\u00e7\u00e3o).<\/p>\n<p><strong><span style=\"color: #ff0000;\">Desde o 1\u00ba dia de alojamento com ra\u00e7\u00e3o UMEDECIDA.<\/span><\/strong><\/p>\n<p>&nbsp;<\/p>\n<p><b>I<\/b>novadora\u00a0<strong>REGULAGEM BEM-ESTAR &#8211; INDIVIDUALIZADA POR BOCA.\u00a0 (patenteada)<\/strong><\/p>\n<p>Apresentadas em forma de <span style=\"color: #ff0000;\"><strong>chapas em balan\u00e7o, tem movimento<\/strong> <\/span><strong><span style=\"color: #ff0000;\">individualizado por boca de alimenta\u00e7\u00e3o<\/span><\/strong>, livre conforme o toque dos su\u00ednos, tanto na vertical como na horizontal, permitindo a descida da ra\u00e7\u00e3o somente na boca de alimenta\u00e7\u00e3o tocada, conforme o toque dos leit\u00f5es na busca pelo alimento. Por utilizar seu instinto nato (remexer o focinho para frente e para cima), facilitam o aprendizado, liberando maior volume de ra\u00e7\u00e3o, gerando rapidez na satisfa\u00e7\u00e3o alimentar e maior G.P.D.\u00a0<u>Tamb\u00e9m em raz\u00e3o\u00a0<\/u><u>destes movimentos, afrouxam a ra\u00e7\u00e3o que est\u00e1 no gargalo, fazendo-a descer, mesmo com inclus\u00e3o de grandes quantidades de lactose.<\/u><\/p>\n<p><strong>REGULAGEM<\/strong>\u00a0<strong>DE CONTROLE POR LADO\u00a0(patenteada)<\/strong><\/p>\n<p><strong>CONTROLE TOTAL<\/strong>\u00a0para ra\u00e7\u00f5es:\u00a0<strong>PELLETS e FARELO, seca ou umedecida;<\/strong><\/p>\n<p>Este novo sistema personalizado e duplo (independente por lado do alimentador) permite o ajuste na altura da REGULAGEM BEM-ESTAR (Patenteada). Projetada para tornar poss\u00edvel a condi\u00e7\u00e3o de uso de diversas formula\u00e7\u00f5es de ra\u00e7\u00f5es fornecidas pelo mercado. Proporciona uma utiliza\u00e7\u00e3o variada dos tipos de ra\u00e7\u00e3o como pellets, pellets com farelo, farelo ou farelo com suas composi\u00e7\u00f5es, seca ou umedecida. Oferece maior controle e volume de ra\u00e7\u00e3o consumida para excelentes, G.P.D. e C.A.<\/p>\n<p>Em nossas an\u00e1lises, n\u00e3o temos como ensinar os leit\u00f5es. Por isso nossos alimentadores foram desenvolvidos com uma proximidade entre as fun\u00e7\u00f5es descritas a seguir: Tocar nas chapas em balan\u00e7o, REGULAGEM BEM-ESTAR (Patenteadas), para tracionar a ra\u00e7\u00e3o do dep\u00f3sito, tocar nas chupetas papinha para umedecer, com seu formato e posi\u00e7\u00f5es estrat\u00e9gicas (Patenteado) e ingerir com facilidade um maior e mais r\u00e1pido volume de ra\u00e7\u00e3o, seca ou umedecida, visando usar os instintos naturais dos leit\u00f5es. Agiliza o aprendizado dos leit\u00f5es, produz realmente os benef\u00edcios do sistema de alimenta\u00e7\u00e3o, com melhores resultados em G.P.D..<\/p>\n<p>&nbsp;<\/p>\n<p>O fabricante reserva-se o direito de alterar os produtos e os dados constantes neste site a qualquer momento e sem pr\u00e9vio aviso.<\/p>\n<p>Foto meramente ilustrativa.<\/p>\n<p>&nbsp;<\/p>\n","protected":false},"excerpt":{"rendered":"<h6><\/h6>\n<h6><strong>VANTAGENS<\/strong><\/h6>\n<ul>\n<li><b>I<\/b>novadora<strong> REGULAGEM BEM-ESTAR &#8211; <span style=\"color: #ff0000;\">chapas em balan\u00e7o, tem movimento <\/span><span style=\"color: #ff0000;\">individualizado por boca de alimenta\u00e7\u00e3o<\/span>\u00a0(Patenteada);<\/strong><\/li>\n<li><strong>REGULAGEM DE CONTROLE INDEPENDENTE POR LADO<\/strong>\u00a0(Patenteada);<\/li>\n<li><strong>CONTROLE TOTAL<\/strong>\u00a0para utilizar ra\u00e7\u00f5es:\u00a0<strong>PELLETS, FARELO ou MISTA<\/strong>;<\/li>\n<li><span style=\"color: #ff0000;\"><strong>Desde o 1\u00ba dia com ra\u00e7\u00e3o umedecida<\/strong><\/span>;<\/li>\n<li>Maior facilidade da descida de ra\u00e7\u00e3o;<\/li>\n<li>Reduz ou dispensa o uso de papinhas;<\/li>\n<li>Menor C. A. e maior G.P.D.;<\/li>\n<li>Abas laterais que reduzem as disputas e melhoram a C. A.;<\/li>\n<li>Beiral invertido anti desperd\u00edcio.<\/li>\n<\/ul>\n<p><strong>PRODUTO PATENTEADO<\/strong><\/p>\n<p>&nbsp;<\/p>\n","protected":false},"featured_media":406,"template":"","meta":[],"product_cat":[29,12],"product_tag":[],"_links":{"self":[{"href":"https:\/\/magnani.ind.br\/index.php?rest_route=\/wp\/v2\/product\/794"}],"collection":[{"href":"https:\/\/magnani.ind.br\/index.php?rest_route=\/wp\/v2\/product"}],"about":[{"href":"https:\/\/magnani.ind.br\/index.php?rest_route=\/wp\/v2\/types\/product"}],"wp:featuredmedia":[{"embeddable":true,"href":"https:\/\/magnani.ind.br\/index.php?rest_route=\/wp\/v2\/media\/406"}],"wp:attachment":[{"href":"https:\/\/magnani.ind.br\/index.php?rest_route=%2Fwp%2Fv2%2Fmedia&parent=794"}],"wp:term":[{"taxonomy":"product_cat","embeddable":true,"href":"https:\/\/magnani.ind.br\/index.php?rest_route=%2Fwp%2Fv2%2Fproduct_cat&post=794"},{"taxonomy":"product_tag","embeddable":true,"href":"https:\/\/magnani.ind.br\/index.php?rest_route=%2Fwp%2Fv2%2Fproduct_tag&post=794"}],"curies":[{"name":"wp","href":"https:\/\/api.w.org\/{rel}","templated":true}]}}