{"id":9,"date":"2017-01-10T00:34:23","date_gmt":"2017-01-10T00:34:23","guid":{"rendered":"http:\/\/sys-squad.com:90\/wordpress\/?post_type=product&#038;p=9"},"modified":"2022-11-09T14:38:26","modified_gmt":"2022-11-09T14:38:26","slug":"escamoteador-01","status":"publish","type":"product","link":"https:\/\/magnani.ind.br\/?product=escamoteador-01","title":{"rendered":"Escamoteador Laminado Resinado Plastificado &#8211; Modelo MAG PREMIUM"},"content":{"rendered":"<p>&nbsp;<\/p>\n<p>O laminado, a cor preta e a veda\u00e7\u00e3o, refletem e ret\u00e9m maior calor, reduzindo o consumo de energia el\u00e9trica, proporcionando o melhor custo\/benef\u00edcio no aquecimento dos leit\u00f5es;<\/p>\n<p>A praticidade no manuseio das portas, o dispositivo de abertura m\u00ednima para ventila\u00e7\u00e3o na tampa de inspe\u00e7\u00e3o, facilitam o manejo e o controle da temperatura;<\/p>\n<p>Fundo m\u00f3vel que facilita a limpeza e melhora higieniza\u00e7\u00e3o;<\/p>\n<p>Melhor ambiente para os leit\u00f5es;<\/p>\n<p>Facilidade de manejo e controle;<\/p>\n<p>Material dur\u00e1vel e de f\u00e1cil higieniza\u00e7\u00e3o.<\/p>\n<p>&nbsp;<\/p>\n<p>VEJA TAMB\u00c9M O NOSSO SISTEMA DE AQUECIMENTO DE LEIT\u00d5ES<\/p>\n<p>&nbsp;<\/p>\n<p>O fabricante reserva-se o direito de alterar os produtos e os dados constantes neste site a qualquer momento e sem pr\u00e9vio aviso.<\/p>\n<p>Fotos meramente ilustrativas.<\/p>\n<p>&nbsp;<\/p>\n<p>&nbsp;<\/p>\n","protected":false},"excerpt":{"rendered":"<h6><strong>VANTAGENS<\/strong><\/h6>\n<ul>\n<li>Dur\u00e1vel e resistente;<\/li>\n<li>Parafusado e de f\u00e1cil montagem;<\/li>\n<li>Portinha dos leit\u00f5es com guias de n\u00e1ilon e corrente;<\/li>\n<li>Fundo remov\u00edvel com puxador;<\/li>\n<li>Tampa de inspe\u00e7\u00e3o com regulagem de abertura m\u00ednima;<\/li>\n<li>Estrutura interna refor\u00e7ada;<\/li>\n<li>Reduz o custo com aquecimento;<\/li>\n<li>Proporciona a melhor condi\u00e7\u00e3o de temperatura e de ambiente para os leit\u00f5es.<\/li>\n<\/ul>\n<p>&nbsp;<\/p>\n","protected":false},"featured_media":505,"template":"","meta":[],"product_cat":[8,9],"product_tag":[],"_links":{"self":[{"href":"https:\/\/magnani.ind.br\/index.php?rest_route=\/wp\/v2\/product\/9"}],"collection":[{"href":"https:\/\/magnani.ind.br\/index.php?rest_route=\/wp\/v2\/product"}],"about":[{"href":"https:\/\/magnani.ind.br\/index.php?rest_route=\/wp\/v2\/types\/product"}],"wp:featuredmedia":[{"embeddable":true,"href":"https:\/\/magnani.ind.br\/index.php?rest_route=\/wp\/v2\/media\/505"}],"wp:attachment":[{"href":"https:\/\/magnani.ind.br\/index.php?rest_route=%2Fwp%2Fv2%2Fmedia&parent=9"}],"wp:term":[{"taxonomy":"product_cat","embeddable":true,"href":"https:\/\/magnani.ind.br\/index.php?rest_route=%2Fwp%2Fv2%2Fproduct_cat&post=9"},{"taxonomy":"product_tag","embeddable":true,"href":"https:\/\/magnani.ind.br\/index.php?rest_route=%2Fwp%2Fv2%2Fproduct_tag&post=9"}],"curies":[{"name":"wp","href":"https:\/\/api.w.org\/{rel}","templated":true}]}}